{"id":685,"date":"2022-12-12T11:33:13","date_gmt":"2022-12-12T10:33:13","guid":{"rendered":"https:\/\/www.plusrl.com\/disclaimer\/"},"modified":"2024-10-04T15:52:26","modified_gmt":"2024-10-04T13:52:26","slug":"disclaimer","status":"publish","type":"page","link":"https:\/\/www.plusrl.com\/en\/disclaimer\/","title":{"rendered":"Disclaimer"},"content":{"rendered":"\n<p>Plus SRL mantiene questo sito per soddisfare esigenze di informazione\/comunicazione. Nella preparazione di questo sito \u00e8 stata posta ogni cura per offrire le informazioni pi\u00f9 aggiornate, corrette e chiare possibili. Tuttavia sono sempre possibili errori involontari e le informazioni spesso possono essere soggette a variazione. Plus SRL prodiga ragionevoli sforzi per includere informazioni complete e aggiornate nel sito, ma non fornisce garanzie e non si assume alcuna responsabilit\u00e0 per eventuali errori o omissioni. Il materiale contenuto nel sito \u00e8 fornito \u201cnello stato in cui \u00e8\u201d e senza alcuna garanzia implicita o esplicita.    <\/p>\n\n<p>Pertanto, nei pi\u00f9 ampi termini di legge Plus SRL declina ogni responsabilit\u00e0 esplicita o implicita, incluso, ma non limitato, la continuit\u00e0 del servizio, la presenza di errori o omissioni, la correzione degli errori, la responsabilit\u00e0 del server ospitante il sito sull\u2019eventuale presenza di virus o altri componenti informatici nocivi e dannosi.<\/p>\n\n<p>Plus SRL non \u00e8 responsabile dell\u2019uso delle informazioni contenute, della loro correttezza e affidabilit\u00e0, n\u00e9 per i danni diretti o indiretti che possono essere provocati da uno di questi aspetti. La lettura, la consultazione e l\u2019utilizzo dei materiali di questo sito si configura come manifestazione di accettazione del contenuto di queste condizioni. In nessun caso, inclusa la negligenza, Plus SRL sar\u00e0 responsabile di ogni diretto o indiretto danno che possa risultare dall\u2019uso, o dalla incapacit\u00e0 di usare, i materiali presenti nel sito.  <\/p>\n\n<p>Le informazioni del Sito non costituiscono sollecitazione al pubblico risparmio e non sono volte a promuovere alcuna forma di investimento o commercio, n\u00e9 a promuovere o collocare strumenti finanziari o servizi di investimento o prodotti\/servizi bancari\/finanziari. L\u2019utilizzo dei dati e delle informazioni contenuti nel Sito come supporto di scelte di operazioni d\u2019investimento personale \u00e8 a completo rischio dell\u2019Utente. Prima di concludere una qualsiasi operazione bancaria\/finanziaria sulla base delle informazioni ottenute \u2013 direttamente o indirettamente \u2013 dal Sito, \u00e8 opportuno che l\u2019Utente si rivolga alla propria banca o ad altro intermediario finanziario autorizzato, al fine di verificare la veridicit\u00e0 e la correttezza di tali informazioni, nonch\u00e9 l\u2019opportunit\u00e0 dell\u2019operazione in relazione alle proprie esigenze personali e alla propria situazione economica, finanziaria e reddituale.  <\/p>\n\n<p>Il presente sito non costituisce testata giornalistica, non ha, comunque, carattere periodico ed \u00e8 aggiornato secondo la disponibilit\u00e0 e la reperibilit\u00e0 dei materiali ivi contenuti. Pertanto, non pu\u00f2 essere considerato in alcun modo un prodotto editoriale ai sensi della L. n. 62 del 7.03.2001.  <\/p>\n","protected":false},"excerpt":{"rendered":"<p>Plus SRL mantiene questo sito per soddisfare esigenze di informazione\/comunicazione. Nella preparazione di questo sito \u00e8 stata posta ogni cura per offrire le informazioni pi\u00f9 aggiornate, corrette e chiare possibili. Tuttavia sono sempre possibili errori involontari e le informazioni spesso possono essere soggette a variazione. Plus SRL prodiga ragionevoli sforzi per includere informazioni complete e [&hellip;]<\/p>\n","protected":false},"author":1,"featured_media":0,"parent":0,"menu_order":0,"comment_status":"closed","ping_status":"closed","template":"","meta":{"_acf_changed":false,"footnotes":""},"class_list":["post-685","page","type-page","status-publish","hentry"],"acf":[],"yoast_head":"<!-- This site is optimized with the Yoast SEO plugin v27.4 - https:\/\/yoast.com\/product\/yoast-seo-wordpress\/ -->\n<title>Disclaimer - Plus SRL<\/title>\n<meta name=\"robots\" content=\"index, follow, max-snippet:-1, max-image-preview:large, max-video-preview:-1\" \/>\n<link rel=\"canonical\" href=\"https:\/\/www.plusrl.com\/en\/disclaimer\/\" \/>\n<meta property=\"og:locale\" content=\"en_US\" \/>\n<meta property=\"og:type\" content=\"article\" \/>\n<meta property=\"og:title\" content=\"Disclaimer - Plus SRL\" \/>\n<meta property=\"og:description\" content=\"Plus SRL mantiene questo sito per soddisfare esigenze di informazione\/comunicazione. Nella preparazione di questo sito \u00e8 stata posta ogni cura per offrire le informazioni pi\u00f9 aggiornate, corrette e chiare possibili. Tuttavia sono sempre possibili errori involontari e le informazioni spesso possono essere soggette a variazione. Plus SRL prodiga ragionevoli sforzi per includere informazioni complete e [&hellip;]\" \/>\n<meta property=\"og:url\" content=\"https:\/\/www.plusrl.com\/en\/disclaimer\/\" \/>\n<meta property=\"og:site_name\" content=\"Plus SRL\" \/>\n<meta property=\"article:modified_time\" content=\"2024-10-04T13:52:26+00:00\" \/>\n<meta name=\"twitter:card\" content=\"summary_large_image\" \/>\n<meta name=\"twitter:label1\" content=\"Est. reading time\" \/>\n\t<meta name=\"twitter:data1\" content=\"2 minutes\" \/>\n<script type=\"application\/ld+json\" class=\"yoast-schema-graph\">{\"@context\":\"https:\\\/\\\/schema.org\",\"@graph\":[{\"@type\":\"WebPage\",\"@id\":\"https:\\\/\\\/www.plusrl.com\\\/en\\\/disclaimer\\\/\",\"url\":\"https:\\\/\\\/www.plusrl.com\\\/en\\\/disclaimer\\\/\",\"name\":\"Disclaimer - Plus SRL\",\"isPartOf\":{\"@id\":\"https:\\\/\\\/www.plusrl.com\\\/en\\\/#website\"},\"datePublished\":\"2022-12-12T10:33:13+00:00\",\"dateModified\":\"2024-10-04T13:52:26+00:00\",\"breadcrumb\":{\"@id\":\"https:\\\/\\\/www.plusrl.com\\\/en\\\/disclaimer\\\/#breadcrumb\"},\"inLanguage\":\"en-US\",\"potentialAction\":[{\"@type\":\"ReadAction\",\"target\":[\"https:\\\/\\\/www.plusrl.com\\\/en\\\/disclaimer\\\/\"]}]},{\"@type\":\"BreadcrumbList\",\"@id\":\"https:\\\/\\\/www.plusrl.com\\\/en\\\/disclaimer\\\/#breadcrumb\",\"itemListElement\":[{\"@type\":\"ListItem\",\"position\":1,\"name\":\"Home\",\"item\":\"https:\\\/\\\/www.plusrl.com\\\/en\\\/\"},{\"@type\":\"ListItem\",\"position\":2,\"name\":\"Disclaimer\"}]},{\"@type\":\"WebSite\",\"@id\":\"https:\\\/\\\/www.plusrl.com\\\/en\\\/#website\",\"url\":\"https:\\\/\\\/www.plusrl.com\\\/en\\\/\",\"name\":\"Interlaced Plus\",\"description\":\"SMART DESIGN X CREATIVE PROJECTS\",\"publisher\":{\"@id\":\"https:\\\/\\\/www.plusrl.com\\\/en\\\/#organization\"},\"potentialAction\":[{\"@type\":\"SearchAction\",\"target\":{\"@type\":\"EntryPoint\",\"urlTemplate\":\"https:\\\/\\\/www.plusrl.com\\\/en\\\/?s={search_term_string}\"},\"query-input\":{\"@type\":\"PropertyValueSpecification\",\"valueRequired\":true,\"valueName\":\"search_term_string\"}}],\"inLanguage\":\"en-US\"},{\"@type\":\"Organization\",\"@id\":\"https:\\\/\\\/www.plusrl.com\\\/en\\\/#organization\",\"name\":\"Interlaced Plus\",\"url\":\"https:\\\/\\\/www.plusrl.com\\\/en\\\/\",\"logo\":{\"@type\":\"ImageObject\",\"inLanguage\":\"en-US\",\"@id\":\"https:\\\/\\\/www.plusrl.com\\\/en\\\/#\\\/schema\\\/logo\\\/image\\\/\",\"url\":\"https:\\\/\\\/www.plusrl.com\\\/wp-content\\\/uploads\\\/2024\\\/02\\\/logo-plus.svg\",\"contentUrl\":\"https:\\\/\\\/www.plusrl.com\\\/wp-content\\\/uploads\\\/2024\\\/02\\\/logo-plus.svg\",\"caption\":\"Interlaced Plus\"},\"image\":{\"@id\":\"https:\\\/\\\/www.plusrl.com\\\/en\\\/#\\\/schema\\\/logo\\\/image\\\/\"}}]}<\/script>\n<!-- \/ Yoast SEO plugin. -->","yoast_head_json":{"title":"Disclaimer - Plus SRL","robots":{"index":"index","follow":"follow","max-snippet":"max-snippet:-1","max-image-preview":"max-image-preview:large","max-video-preview":"max-video-preview:-1"},"canonical":"https:\/\/www.plusrl.com\/en\/disclaimer\/","og_locale":"en_US","og_type":"article","og_title":"Disclaimer - Plus SRL","og_description":"Plus SRL mantiene questo sito per soddisfare esigenze di informazione\/comunicazione. Nella preparazione di questo sito \u00e8 stata posta ogni cura per offrire le informazioni pi\u00f9 aggiornate, corrette e chiare possibili. Tuttavia sono sempre possibili errori involontari e le informazioni spesso possono essere soggette a variazione. Plus SRL prodiga ragionevoli sforzi per includere informazioni complete e [&hellip;]","og_url":"https:\/\/www.plusrl.com\/en\/disclaimer\/","og_site_name":"Plus SRL","article_modified_time":"2024-10-04T13:52:26+00:00","twitter_card":"summary_large_image","twitter_misc":{"Est. reading time":"2 minutes"},"schema":{"@context":"https:\/\/schema.org","@graph":[{"@type":"WebPage","@id":"https:\/\/www.plusrl.com\/en\/disclaimer\/","url":"https:\/\/www.plusrl.com\/en\/disclaimer\/","name":"Disclaimer - Plus SRL","isPartOf":{"@id":"https:\/\/www.plusrl.com\/en\/#website"},"datePublished":"2022-12-12T10:33:13+00:00","dateModified":"2024-10-04T13:52:26+00:00","breadcrumb":{"@id":"https:\/\/www.plusrl.com\/en\/disclaimer\/#breadcrumb"},"inLanguage":"en-US","potentialAction":[{"@type":"ReadAction","target":["https:\/\/www.plusrl.com\/en\/disclaimer\/"]}]},{"@type":"BreadcrumbList","@id":"https:\/\/www.plusrl.com\/en\/disclaimer\/#breadcrumb","itemListElement":[{"@type":"ListItem","position":1,"name":"Home","item":"https:\/\/www.plusrl.com\/en\/"},{"@type":"ListItem","position":2,"name":"Disclaimer"}]},{"@type":"WebSite","@id":"https:\/\/www.plusrl.com\/en\/#website","url":"https:\/\/www.plusrl.com\/en\/","name":"Interlaced Plus","description":"SMART DESIGN X CREATIVE PROJECTS","publisher":{"@id":"https:\/\/www.plusrl.com\/en\/#organization"},"potentialAction":[{"@type":"SearchAction","target":{"@type":"EntryPoint","urlTemplate":"https:\/\/www.plusrl.com\/en\/?s={search_term_string}"},"query-input":{"@type":"PropertyValueSpecification","valueRequired":true,"valueName":"search_term_string"}}],"inLanguage":"en-US"},{"@type":"Organization","@id":"https:\/\/www.plusrl.com\/en\/#organization","name":"Interlaced Plus","url":"https:\/\/www.plusrl.com\/en\/","logo":{"@type":"ImageObject","inLanguage":"en-US","@id":"https:\/\/www.plusrl.com\/en\/#\/schema\/logo\/image\/","url":"https:\/\/www.plusrl.com\/wp-content\/uploads\/2024\/02\/logo-plus.svg","contentUrl":"https:\/\/www.plusrl.com\/wp-content\/uploads\/2024\/02\/logo-plus.svg","caption":"Interlaced Plus"},"image":{"@id":"https:\/\/www.plusrl.com\/en\/#\/schema\/logo\/image\/"}}]}},"_links":{"self":[{"href":"https:\/\/www.plusrl.com\/en\/wp-json\/wp\/v2\/pages\/685","targetHints":{"allow":["GET"]}}],"collection":[{"href":"https:\/\/www.plusrl.com\/en\/wp-json\/wp\/v2\/pages"}],"about":[{"href":"https:\/\/www.plusrl.com\/en\/wp-json\/wp\/v2\/types\/page"}],"author":[{"embeddable":true,"href":"https:\/\/www.plusrl.com\/en\/wp-json\/wp\/v2\/users\/1"}],"replies":[{"embeddable":true,"href":"https:\/\/www.plusrl.com\/en\/wp-json\/wp\/v2\/comments?post=685"}],"version-history":[{"count":1,"href":"https:\/\/www.plusrl.com\/en\/wp-json\/wp\/v2\/pages\/685\/revisions"}],"predecessor-version":[{"id":686,"href":"https:\/\/www.plusrl.com\/en\/wp-json\/wp\/v2\/pages\/685\/revisions\/686"}],"wp:attachment":[{"href":"https:\/\/www.plusrl.com\/en\/wp-json\/wp\/v2\/media?parent=685"}],"curies":[{"name":"wp","href":"https:\/\/api.w.org\/{rel}","templated":true}]}}