{"id":681,"date":"2022-11-16T10:32:00","date_gmt":"2022-11-16T09:32:00","guid":{"rendered":"https:\/\/www.plusrl.com\/privacy-policy\/"},"modified":"2026-01-14T10:29:51","modified_gmt":"2026-01-14T09:29:51","slug":"privacy-policy","status":"publish","type":"page","link":"https:\/\/www.plusrl.com\/en\/privacy-policy\/","title":{"rendered":"Privacy Policy"},"content":{"rendered":"\n<p><strong>INFORMATIVA SITO WEB<\/strong><br\/>Artt. 13-14 Regolamento UE 27 aprile 2016 n. 679 \u201cRegolamento Generale sulla Protezione dei Dati\u201d <\/p>\n\n<p>In questa pagina sono descritte le finalit\u00e0 per cui trattiamo i Tuoi dati personali sul nostro sito web, insieme a una descrizione delle basi giuridiche che rendono lecito questo trattamento. Ricorda che per dato personale si intende qualsiasi informazione a te riferibile. <\/p>\n\n<p>1. CHI \u00c9 IL TITOLARE DEL TRATTAMENTO<br\/>Il titolare del trattamento \u00e8 la societ\u00e0 PLUS S.r.l. (C.F. e P.I. 03667991206). Per avere informazioni sul trattamento dati \u00e8 possibile scrivere al seguente indirizzo e-mail info@plusrl.com. <\/p>\n\n<p>2. CHE DATI PERSONALI RACCOGLIAMO E TRATTIAMO<br\/>a) Dati di navigazione e analisi uso sito web. Consultando questo sito web acquisiamo alcune informazioni relative ai dispositivi usati e sulle modalit\u00e0 di utilizzo del sito web. I dati sono acquisiti prevalentemente attraverso l\u2019uso di cookie tecnici e di analisi. Per ulteriori informazioni sui cookie usati si prega di consultare la Cookie Policy.<br\/>b) Dati forniti volontariamente dall\u2019utente. Nell\u2019uso delle funzionalit\u00e0 del sito e\/o attraverso i canali di contatto \u00e8 possibile che gli utenti possano comunicarci dati personali.    <\/p>\n\n<p>3. PER QUALI FINALIT\u00c0 TRATTIAMO I DATI PERSONALI E QUAL \u00c8 LA BASE GIURIDICA<br\/>a) Advertising e targeting mirato. Sul sito sono presenti anche alcuni plug-in e cookie di terze parti che consentono di tracciare gli utenti che visitano il sito web al fine di presentare annunci pubblicitari e ottimizzare la loro rilevanza sulla base delle preferenze di navigazione dell\u2019utente. Base giuridica: consenso dell\u2019utente, che pu\u00f2 scegliere liberamente se accettare o meno attraverso il banner cookie. Per ulteriori informazioni sui cookie e plug-in utilizzati si prega di consultare la Cookie Policy.<br\/>b) Informazioni e contatti. Attraverso i canali di contatto presenti sul sito \u00e8 possibile comunicare con noi e chiederci informazioni via posta elettronica o telefonica. I dati acquisiti, come i dati di contatto e il contenuto delle comunicazioni saranno utilizzati esclusivamente per rispondere alle richieste pervenute. Base giuridica: esecuzione di misure precontrattuali.<br\/>c) Newsletter. Sul sito \u00e8 possibile registrarsi alla newsletter, per ricevere comunicazioni e promozioni periodiche in merito ai nostri prodotti e attivit\u00e0. In ogni momento \u00e8 possibile opporsi al ricevimento di queste comunicazioni e disiscriversi. Base giuridica: consenso dell\u2019utente, revocabile in ogni momento.<br\/>d) Funzionamento sistemi informatici e sicurezza. Utilizziamo sistemi che ci permettono di gestire al meglio il nostro sito e la sua sicurezza da cui potrebbe derivare l\u2019acquisizione di dati personali come indirizzo IP dell\u2019utente o informazioni relative ai dispositivi utilizzati. Base giuridica: legittimo interesse del titolare a preservare la sicurezza del sito web e delle sue funzionalit\u00e0.           <\/p>\n\n<p>4. NATURA DEL CONFERIMENTO DEI DATI<br\/>Il conferimento delle informazioni richieste per le finalit\u00e0 di cui ai punti 3 lett. b) e d) \u00e8 necessario. Il mancato conferimento delle informazioni impedirebbe di gestire le tue richieste, nonch\u00e9 la navigazione sul nostro sito.<br\/>Il conferimento delle informazioni richieste per le finalit\u00e0 di cui al punto 3 lett. a) e c) \u00e8 facoltativo. In ogni momento hai la possibilit\u00e0 di opporti al trattamento attraverso il banner cookie o disiscrivendoti dalla newsletter.  <\/p>\n\n<p>5. PER QUANTO TEMPO CONSERVIAMO I DATI<br\/>I dati di contatto relativi a newsletter saranno conservati nelle liste interne fino a revoca del consenso da parte del soggetto interessato.<br\/>I dati ricevuti nell\u2019ambito di richieste di informazioni saranno invece conservati per il tempo necessario a dare riscontro.<br\/>Per conoscere i tempi di conservazione dei cookie e sistemi analoghi raccomandiamo di consultare la Cookie Policy e\/o la Dashboard Cookie.<\/p>\n\n<p>6. MODALIT\u00c0 DEL TRATTAMENTO E DESTINATARI<br\/>I dati personali saranno trattati dal personale incaricato, opportunamente istruito e operante sotto l\u2019autorit\u00e0 e la responsabilit\u00e0 del Titolare.<br\/>Alcune delle informazioni potrebbero essere comunicate, esclusivamente per le finalit\u00e0 sopra specificate, ai soggetti di seguito indicati:<br\/>\u2022 Societ\u00e0 di assistenza e manutenzione dei sistemi informatici o fornitori di sistemi di archiviazione informatica;<br\/>\u2022 Altri soggetti o Societ\u00e0 che svolgono attivit\u00e0 strumentali alle finalit\u00e0 sopra indicate per conto del Titolare;<br\/>\u2022 Fornitori di servizi cookie e sistemi analoghi (vedi Cookie Policy).<br\/>L\u2019elenco dettagliato di tutti i destinatari \u00e8 disponibile presso la sede del Titolare del trattamento e verr\u00e0 fornito su richiesta.<\/p>\n\n<p>7. I DIRITTI PREVISTI DALLA LEGGE<br\/>La legge europea per la protezione dei dati (\u201cGDPR\u201d) prevede una serie di diritti che puoi esercitare per avere il controllo dei tuoi dati. Per esercitare i tuoi diritti puoi scrivere a info@plusrl.com.<br\/>Siamo tenuti a risponderti entro 30 giorni dal ricevimento della richiesta, e cercheremo di essere il pi\u00f9 veloci possibile!<br\/>Diritto di accesso: hai il diritto di ottenere informazioni riguardo il trattamento di dati personali che ti riguardano, ottenerne l\u2019accesso e copia anche mediante mezzi elettronici di uso comune. Ci impegniamo a fornirti un resoconto dei dati che abbiamo in nostro possesso, come i tuoi dati anagrafici, dati di contatto, o le richieste che ci sono pervenute via modulo di contatto o posta elettronica.<br\/>Diritto di rettifica: hai diritto di ottenere l&#8217;aggiornamento, l\u2019integrazione o la rettificazione dei tuoi dati. Se ritieni che i tuoi dati siano in qualche modo errati o obsoleti, contattaci pure \u2013 faremo del nostro meglio per risolvere la questione.<br\/>Diritto di portabilit\u00e0: se vuoi, potrai chiedere la portabilit\u00e0 dei tuoi dati trattati in ragione dell\u2019esecuzione del contratto o sulla base del tuo consenso.<br\/>Diritto di cancellazione: se ne hai interesse, hai il diritto di chiedere la cancellazione dei tuoi dati. Ci teniamo a darti il controllo dei tuoi dati. In alcuni casi puoi chiederci la cancellazione diretta, e sar\u00e0 nostra cura procedere nel minor tempo possibile. Sappi per\u00f2 che non tutti i dati possono essere cancellati su richiesta, perch\u00e9 potrebbero essere necessari per adempiere ad obblighi di legge o perch\u00e9 sono ancora in uso.<br\/>Diritto di limitazione e opposizione: Hai il diritto di chiedere la limitazione del trattamento o di opporti, in tutto o in parte, al trattamento dei dati personali che ti riguardano, anche per finalit\u00e0 di marketing. Quando chiedi la limitazione del trattamento siamo tenuti a sospendere, per un tempo determinato, ogni ulteriore attivit\u00e0 di elaborazione dei tuoi dati. Quando decidi di opporti al trattamento, puoi decidere unilateralmente di rinunciare ad un certo tipo di trattamento dei tuoi dati, ad esempio per disattivare i cookie di analisi.        <\/p>\n\n<p>Se credi che una o pi\u00f9 attivit\u00e0 di trattamento da noi realizzate possano essere in violazione della normativa, o ritieni che non siano stati tutelati i Tuoi diritti, puoi inviare un reclamo all\u2019Autorit\u00e0 di Controllo del luogo in cui abitualmente risiedi, lavori o dove si \u00e8 verificata la presunta violazione. In Italia \u00e8 possibile rivolgersi all\u2019Autorit\u00e0 Garante Privacy. <\/p>\n\n<p>Ultimo aggiornamento: 29\/02\/2024<\/p>\n","protected":false},"excerpt":{"rendered":"<p>INFORMATIVA SITO WEBArtt. 13-14 Regolamento UE 27 aprile 2016 n. 679 \u201cRegolamento Generale sulla Protezione dei Dati\u201d In questa pagina sono descritte le finalit\u00e0 per cui trattiamo i Tuoi dati personali sul nostro sito web, insieme a una descrizione delle basi giuridiche che rendono lecito questo trattamento. Ricorda che per dato personale si intende qualsiasi [&hellip;]<\/p>\n","protected":false},"author":1,"featured_media":0,"parent":0,"menu_order":0,"comment_status":"closed","ping_status":"closed","template":"","meta":{"_acf_changed":false,"footnotes":""},"class_list":["post-681","page","type-page","status-publish","hentry"],"acf":[],"yoast_head":"<!-- This site is optimized with the Yoast SEO plugin v27.4 - https:\/\/yoast.com\/product\/yoast-seo-wordpress\/ -->\n<title>Privacy Policy - Plus SRL<\/title>\n<meta name=\"robots\" content=\"index, follow, max-snippet:-1, max-image-preview:large, max-video-preview:-1\" \/>\n<link rel=\"canonical\" href=\"https:\/\/www.plusrl.com\/en\/privacy-policy\/\" \/>\n<meta property=\"og:locale\" content=\"en_US\" \/>\n<meta property=\"og:type\" content=\"article\" \/>\n<meta property=\"og:title\" content=\"Privacy Policy - Plus SRL\" \/>\n<meta property=\"og:description\" content=\"INFORMATIVA SITO WEBArtt. 13-14 Regolamento UE 27 aprile 2016 n. 679 \u201cRegolamento Generale sulla Protezione dei Dati\u201d In questa pagina sono descritte le finalit\u00e0 per cui trattiamo i Tuoi dati personali sul nostro sito web, insieme a una descrizione delle basi giuridiche che rendono lecito questo trattamento. Ricorda che per dato personale si intende qualsiasi [&hellip;]\" \/>\n<meta property=\"og:url\" content=\"https:\/\/www.plusrl.com\/en\/privacy-policy\/\" \/>\n<meta property=\"og:site_name\" content=\"Plus SRL\" \/>\n<meta property=\"article:modified_time\" content=\"2026-01-14T09:29:51+00:00\" \/>\n<meta name=\"twitter:card\" content=\"summary_large_image\" \/>\n<meta name=\"twitter:label1\" content=\"Est. reading time\" \/>\n\t<meta name=\"twitter:data1\" content=\"5 minutes\" \/>\n<script type=\"application\/ld+json\" class=\"yoast-schema-graph\">{\"@context\":\"https:\\\/\\\/schema.org\",\"@graph\":[{\"@type\":\"WebPage\",\"@id\":\"https:\\\/\\\/www.plusrl.com\\\/en\\\/privacy-policy\\\/\",\"url\":\"https:\\\/\\\/www.plusrl.com\\\/en\\\/privacy-policy\\\/\",\"name\":\"Privacy Policy - Plus SRL\",\"isPartOf\":{\"@id\":\"https:\\\/\\\/www.plusrl.com\\\/en\\\/#website\"},\"datePublished\":\"2022-11-16T09:32:00+00:00\",\"dateModified\":\"2026-01-14T09:29:51+00:00\",\"breadcrumb\":{\"@id\":\"https:\\\/\\\/www.plusrl.com\\\/en\\\/privacy-policy\\\/#breadcrumb\"},\"inLanguage\":\"en-US\",\"potentialAction\":[{\"@type\":\"ReadAction\",\"target\":[\"https:\\\/\\\/www.plusrl.com\\\/en\\\/privacy-policy\\\/\"]}]},{\"@type\":\"BreadcrumbList\",\"@id\":\"https:\\\/\\\/www.plusrl.com\\\/en\\\/privacy-policy\\\/#breadcrumb\",\"itemListElement\":[{\"@type\":\"ListItem\",\"position\":1,\"name\":\"Home\",\"item\":\"https:\\\/\\\/www.plusrl.com\\\/en\\\/\"},{\"@type\":\"ListItem\",\"position\":2,\"name\":\"Privacy Policy\"}]},{\"@type\":\"WebSite\",\"@id\":\"https:\\\/\\\/www.plusrl.com\\\/en\\\/#website\",\"url\":\"https:\\\/\\\/www.plusrl.com\\\/en\\\/\",\"name\":\"Interlaced Plus\",\"description\":\"SMART DESIGN X CREATIVE PROJECTS\",\"publisher\":{\"@id\":\"https:\\\/\\\/www.plusrl.com\\\/en\\\/#organization\"},\"potentialAction\":[{\"@type\":\"SearchAction\",\"target\":{\"@type\":\"EntryPoint\",\"urlTemplate\":\"https:\\\/\\\/www.plusrl.com\\\/en\\\/?s={search_term_string}\"},\"query-input\":{\"@type\":\"PropertyValueSpecification\",\"valueRequired\":true,\"valueName\":\"search_term_string\"}}],\"inLanguage\":\"en-US\"},{\"@type\":\"Organization\",\"@id\":\"https:\\\/\\\/www.plusrl.com\\\/en\\\/#organization\",\"name\":\"Interlaced Plus\",\"url\":\"https:\\\/\\\/www.plusrl.com\\\/en\\\/\",\"logo\":{\"@type\":\"ImageObject\",\"inLanguage\":\"en-US\",\"@id\":\"https:\\\/\\\/www.plusrl.com\\\/en\\\/#\\\/schema\\\/logo\\\/image\\\/\",\"url\":\"https:\\\/\\\/www.plusrl.com\\\/wp-content\\\/uploads\\\/2024\\\/02\\\/logo-plus.svg\",\"contentUrl\":\"https:\\\/\\\/www.plusrl.com\\\/wp-content\\\/uploads\\\/2024\\\/02\\\/logo-plus.svg\",\"caption\":\"Interlaced Plus\"},\"image\":{\"@id\":\"https:\\\/\\\/www.plusrl.com\\\/en\\\/#\\\/schema\\\/logo\\\/image\\\/\"}}]}<\/script>\n<!-- \/ Yoast SEO plugin. -->","yoast_head_json":{"title":"Privacy Policy - Plus SRL","robots":{"index":"index","follow":"follow","max-snippet":"max-snippet:-1","max-image-preview":"max-image-preview:large","max-video-preview":"max-video-preview:-1"},"canonical":"https:\/\/www.plusrl.com\/en\/privacy-policy\/","og_locale":"en_US","og_type":"article","og_title":"Privacy Policy - Plus SRL","og_description":"INFORMATIVA SITO WEBArtt. 13-14 Regolamento UE 27 aprile 2016 n. 679 \u201cRegolamento Generale sulla Protezione dei Dati\u201d In questa pagina sono descritte le finalit\u00e0 per cui trattiamo i Tuoi dati personali sul nostro sito web, insieme a una descrizione delle basi giuridiche che rendono lecito questo trattamento. Ricorda che per dato personale si intende qualsiasi [&hellip;]","og_url":"https:\/\/www.plusrl.com\/en\/privacy-policy\/","og_site_name":"Plus SRL","article_modified_time":"2026-01-14T09:29:51+00:00","twitter_card":"summary_large_image","twitter_misc":{"Est. reading time":"5 minutes"},"schema":{"@context":"https:\/\/schema.org","@graph":[{"@type":"WebPage","@id":"https:\/\/www.plusrl.com\/en\/privacy-policy\/","url":"https:\/\/www.plusrl.com\/en\/privacy-policy\/","name":"Privacy Policy - Plus SRL","isPartOf":{"@id":"https:\/\/www.plusrl.com\/en\/#website"},"datePublished":"2022-11-16T09:32:00+00:00","dateModified":"2026-01-14T09:29:51+00:00","breadcrumb":{"@id":"https:\/\/www.plusrl.com\/en\/privacy-policy\/#breadcrumb"},"inLanguage":"en-US","potentialAction":[{"@type":"ReadAction","target":["https:\/\/www.plusrl.com\/en\/privacy-policy\/"]}]},{"@type":"BreadcrumbList","@id":"https:\/\/www.plusrl.com\/en\/privacy-policy\/#breadcrumb","itemListElement":[{"@type":"ListItem","position":1,"name":"Home","item":"https:\/\/www.plusrl.com\/en\/"},{"@type":"ListItem","position":2,"name":"Privacy Policy"}]},{"@type":"WebSite","@id":"https:\/\/www.plusrl.com\/en\/#website","url":"https:\/\/www.plusrl.com\/en\/","name":"Interlaced Plus","description":"SMART DESIGN X CREATIVE PROJECTS","publisher":{"@id":"https:\/\/www.plusrl.com\/en\/#organization"},"potentialAction":[{"@type":"SearchAction","target":{"@type":"EntryPoint","urlTemplate":"https:\/\/www.plusrl.com\/en\/?s={search_term_string}"},"query-input":{"@type":"PropertyValueSpecification","valueRequired":true,"valueName":"search_term_string"}}],"inLanguage":"en-US"},{"@type":"Organization","@id":"https:\/\/www.plusrl.com\/en\/#organization","name":"Interlaced Plus","url":"https:\/\/www.plusrl.com\/en\/","logo":{"@type":"ImageObject","inLanguage":"en-US","@id":"https:\/\/www.plusrl.com\/en\/#\/schema\/logo\/image\/","url":"https:\/\/www.plusrl.com\/wp-content\/uploads\/2024\/02\/logo-plus.svg","contentUrl":"https:\/\/www.plusrl.com\/wp-content\/uploads\/2024\/02\/logo-plus.svg","caption":"Interlaced Plus"},"image":{"@id":"https:\/\/www.plusrl.com\/en\/#\/schema\/logo\/image\/"}}]}},"_links":{"self":[{"href":"https:\/\/www.plusrl.com\/en\/wp-json\/wp\/v2\/pages\/681","targetHints":{"allow":["GET"]}}],"collection":[{"href":"https:\/\/www.plusrl.com\/en\/wp-json\/wp\/v2\/pages"}],"about":[{"href":"https:\/\/www.plusrl.com\/en\/wp-json\/wp\/v2\/types\/page"}],"author":[{"embeddable":true,"href":"https:\/\/www.plusrl.com\/en\/wp-json\/wp\/v2\/users\/1"}],"replies":[{"embeddable":true,"href":"https:\/\/www.plusrl.com\/en\/wp-json\/wp\/v2\/comments?post=681"}],"version-history":[{"count":2,"href":"https:\/\/www.plusrl.com\/en\/wp-json\/wp\/v2\/pages\/681\/revisions"}],"predecessor-version":[{"id":728,"href":"https:\/\/www.plusrl.com\/en\/wp-json\/wp\/v2\/pages\/681\/revisions\/728"}],"wp:attachment":[{"href":"https:\/\/www.plusrl.com\/en\/wp-json\/wp\/v2\/media?parent=681"}],"curies":[{"name":"wp","href":"https:\/\/api.w.org\/{rel}","templated":true}]}}